{"id":10,"date":"2021-06-14T22:39:57","date_gmt":"2021-06-14T20:39:57","guid":{"rendered":"http:\/\/aulune.fr\/?page_id=10"},"modified":"2024-09-12T15:22:12","modified_gmt":"2024-09-12T13:22:12","slug":"dormis-a-latelier","status":"publish","type":"page","link":"https:\/\/aulune.fr\/?page_id=10","title":{"rendered":"Louer l&rsquo;atelier"},"content":{"rendered":"\n<p><strong>Location de l\u2019Atelier<\/strong>&nbsp;: toute l&rsquo;ann\u00e9e, l&rsquo;Atelier d\u2019Aulune s&rsquo;ouvre \u00e0 vos besoins professionnels ou personnels. L&rsquo;espace de quelques heures, vous pouvez animer des stages, des ateliers, des conf\u00e9rences, proposer des entretiens et rdv clients, travailler \u00e0 un projet au calme et avec de la place, &#8230;.<\/p>\n\n\n\n<p><\/p>\n\n\n\n<p><\/p>\n\n\n\n<p><\/p>\n\n\n\n<p><\/p>\n\n\n\n<figure class=\"wp-block-table\"><table><tbody><tr><td><\/td><td>&nbsp;<\/td><td>&nbsp; &nbsp; &nbsp; &nbsp; &nbsp; &nbsp; &nbsp; &nbsp; &nbsp; &nbsp; &nbsp; &nbsp;<\/td><\/tr><tr><td><strong><span class=\"has-inline-color has-color-1-color\">Tarifs 2024&nbsp;:<\/span><\/strong><\/td><td>&nbsp;<\/td><td>&nbsp;<\/td><\/tr><tr><td><span class=\"has-inline-color has-color-1-color\">Location exceptionnelle<\/span><\/td><td><span class=\"has-inline-color has-color-1-color\">10\u20ac l&rsquo;heure<\/span><\/td><td>&nbsp;<\/td><\/tr><tr><td><span class=\"has-inline-color has-color-1-color\">Location hebdomadaire pour activit\u00e9s r\u00e9currentes<\/span><\/td><td><span class=\"has-inline-color has-color-1-color\">5\u20ac l&rsquo;heure<\/span> <\/td><td>&nbsp;<\/td><\/tr><tr><td><\/td><td><\/td><td>&nbsp;<\/td><\/tr><tr><td><\/td><td><\/td><td>&nbsp;<\/td><\/tr><\/tbody><\/table><\/figure>\n\n\n\n<p><\/p>\n\n\n\n<p><\/p>\n\n\n\n<p><span class=\"has-inline-color has-color-1-color\"><em>A noter&nbsp;: Un ch\u00e8que de&nbsp;caution  vous sera demand\u00e9e \u00e0 votre arriv\u00e9e.<\/em><strong> <\/strong><\/span><\/p>\n\n\n\n<p><span class=\"has-inline-color has-color-1-color\"><strong>Pour r\u00e9server<\/strong> : atelieraulune@outlook.fr<\/span><\/p>\n\n\n\n<figure class=\"wp-block-gallery columns-3 is-cropped wp-block-gallery-1 is-layout-flex wp-block-gallery-is-layout-flex\"><ul class=\"blocks-gallery-grid\"><li class=\"blocks-gallery-item\"><figure><img loading=\"lazy\" decoding=\"async\" width=\"1024\" height=\"768\" src=\"http:\/\/aulune.fr\/wp-content\/uploads\/2021\/12\/IMG_4525-1024x768.jpg\" alt=\"\" data-id=\"479\" data-full-url=\"http:\/\/aulune.fr\/wp-content\/uploads\/2021\/12\/IMG_4525-scaled.jpg\" data-link=\"http:\/\/aulune.fr\/?attachment_id=479\" class=\"wp-image-479\" srcset=\"https:\/\/aulune.fr\/wp-content\/uploads\/2021\/12\/IMG_4525-1024x768.jpg 1024w, https:\/\/aulune.fr\/wp-content\/uploads\/2021\/12\/IMG_4525-300x225.jpg 300w, https:\/\/aulune.fr\/wp-content\/uploads\/2021\/12\/IMG_4525-768x576.jpg 768w, https:\/\/aulune.fr\/wp-content\/uploads\/2021\/12\/IMG_4525-1536x1152.jpg 1536w, https:\/\/aulune.fr\/wp-content\/uploads\/2021\/12\/IMG_4525-2048x1536.jpg 2048w, https:\/\/aulune.fr\/wp-content\/uploads\/2021\/12\/IMG_4525-580x435.jpg 580w, https:\/\/aulune.fr\/wp-content\/uploads\/2021\/12\/IMG_4525-860x645.jpg 860w, https:\/\/aulune.fr\/wp-content\/uploads\/2021\/12\/IMG_4525-1160x870.jpg 1160w, https:\/\/aulune.fr\/wp-content\/uploads\/2021\/12\/IMG_4525-1320x990.jpg 1320w\" sizes=\"auto, (max-width: 1024px) 100vw, 1024px\" \/><\/figure><\/li><li class=\"blocks-gallery-item\"><figure><img loading=\"lazy\" decoding=\"async\" width=\"768\" height=\"1024\" src=\"http:\/\/aulune.fr\/wp-content\/uploads\/2021\/09\/IMG_0535-768x1024.jpg\" alt=\"\" data-id=\"379\" data-full-url=\"http:\/\/aulune.fr\/wp-content\/uploads\/2021\/09\/IMG_0535-scaled.jpg\" data-link=\"http:\/\/aulune.fr\/?attachment_id=379\" class=\"wp-image-379\" srcset=\"https:\/\/aulune.fr\/wp-content\/uploads\/2021\/09\/IMG_0535-768x1024.jpg 768w, https:\/\/aulune.fr\/wp-content\/uploads\/2021\/09\/IMG_0535-225x300.jpg 225w, https:\/\/aulune.fr\/wp-content\/uploads\/2021\/09\/IMG_0535-1152x1536.jpg 1152w, https:\/\/aulune.fr\/wp-content\/uploads\/2021\/09\/IMG_0535-1536x2048.jpg 1536w, https:\/\/aulune.fr\/wp-content\/uploads\/2021\/09\/IMG_0535-580x773.jpg 580w, https:\/\/aulune.fr\/wp-content\/uploads\/2021\/09\/IMG_0535-860x1147.jpg 860w, https:\/\/aulune.fr\/wp-content\/uploads\/2021\/09\/IMG_0535-1160x1547.jpg 1160w, https:\/\/aulune.fr\/wp-content\/uploads\/2021\/09\/IMG_0535-1320x1760.jpg 1320w, https:\/\/aulune.fr\/wp-content\/uploads\/2021\/09\/IMG_0535-scaled.jpg 1920w\" sizes=\"auto, (max-width: 768px) 100vw, 768px\" \/><\/figure><\/li><li class=\"blocks-gallery-item\"><figure><img loading=\"lazy\" decoding=\"async\" width=\"768\" height=\"1024\" src=\"http:\/\/aulune.fr\/wp-content\/uploads\/2021\/09\/IMG_3317-768x1024.jpg\" alt=\"\" data-id=\"366\" data-full-url=\"http:\/\/aulune.fr\/wp-content\/uploads\/2021\/09\/IMG_3317-scaled.jpg\" data-link=\"http:\/\/aulune.fr\/?attachment_id=366\" class=\"wp-image-366\" srcset=\"https:\/\/aulune.fr\/wp-content\/uploads\/2021\/09\/IMG_3317-768x1024.jpg 768w, https:\/\/aulune.fr\/wp-content\/uploads\/2021\/09\/IMG_3317-225x300.jpg 225w, https:\/\/aulune.fr\/wp-content\/uploads\/2021\/09\/IMG_3317-1152x1536.jpg 1152w, https:\/\/aulune.fr\/wp-content\/uploads\/2021\/09\/IMG_3317-1536x2048.jpg 1536w, https:\/\/aulune.fr\/wp-content\/uploads\/2021\/09\/IMG_3317-580x773.jpg 580w, https:\/\/aulune.fr\/wp-content\/uploads\/2021\/09\/IMG_3317-860x1147.jpg 860w, https:\/\/aulune.fr\/wp-content\/uploads\/2021\/09\/IMG_3317-1160x1547.jpg 1160w, https:\/\/aulune.fr\/wp-content\/uploads\/2021\/09\/IMG_3317-1320x1760.jpg 1320w, https:\/\/aulune.fr\/wp-content\/uploads\/2021\/09\/IMG_3317-scaled.jpg 1920w\" sizes=\"auto, (max-width: 768px) 100vw, 768px\" \/><\/figure><\/li><li class=\"blocks-gallery-item\"><figure><img loading=\"lazy\" decoding=\"async\" width=\"1024\" height=\"768\" src=\"http:\/\/aulune.fr\/wp-content\/uploads\/2021\/12\/IMG_4536-1024x768.jpg\" alt=\"\" data-id=\"478\" data-full-url=\"http:\/\/aulune.fr\/wp-content\/uploads\/2021\/12\/IMG_4536-scaled.jpg\" data-link=\"http:\/\/aulune.fr\/?attachment_id=478\" class=\"wp-image-478\" srcset=\"https:\/\/aulune.fr\/wp-content\/uploads\/2021\/12\/IMG_4536-1024x768.jpg 1024w, https:\/\/aulune.fr\/wp-content\/uploads\/2021\/12\/IMG_4536-300x225.jpg 300w, https:\/\/aulune.fr\/wp-content\/uploads\/2021\/12\/IMG_4536-768x576.jpg 768w, https:\/\/aulune.fr\/wp-content\/uploads\/2021\/12\/IMG_4536-1536x1152.jpg 1536w, https:\/\/aulune.fr\/wp-content\/uploads\/2021\/12\/IMG_4536-2048x1536.jpg 2048w, https:\/\/aulune.fr\/wp-content\/uploads\/2021\/12\/IMG_4536-580x435.jpg 580w, https:\/\/aulune.fr\/wp-content\/uploads\/2021\/12\/IMG_4536-860x645.jpg 860w, https:\/\/aulune.fr\/wp-content\/uploads\/2021\/12\/IMG_4536-1160x870.jpg 1160w, https:\/\/aulune.fr\/wp-content\/uploads\/2021\/12\/IMG_4536-1320x990.jpg 1320w\" sizes=\"auto, (max-width: 1024px) 100vw, 1024px\" \/><\/figure><\/li><\/ul><\/figure>\n","protected":false},"excerpt":{"rendered":"<p>Location de l\u2019Atelier&nbsp;: toute l&rsquo;ann\u00e9e, l&rsquo;Atelier d\u2019Aulune s&rsquo;ouvre \u00e0 vos besoins professionnels ou personnels. L&rsquo;espace de quelques heures, vous pouvez animer des stages, des ateliers, des conf\u00e9rences, proposer des entretiens et rdv clients, travailler \u00e0 un projet au calme et avec de la place, &#8230;. &nbsp; &nbsp; &nbsp; &nbsp; &nbsp; &nbsp; &nbsp; &nbsp; &nbsp; &nbsp;&#8230;<\/p>\n","protected":false},"author":1,"featured_media":0,"parent":0,"menu_order":0,"comment_status":"closed","ping_status":"closed","template":"","meta":{"footnotes":""},"class_list":["post-10","page","type-page","status-publish","hentry"],"_links":{"self":[{"href":"https:\/\/aulune.fr\/index.php?rest_route=\/wp\/v2\/pages\/10","targetHints":{"allow":["GET"]}}],"collection":[{"href":"https:\/\/aulune.fr\/index.php?rest_route=\/wp\/v2\/pages"}],"about":[{"href":"https:\/\/aulune.fr\/index.php?rest_route=\/wp\/v2\/types\/page"}],"author":[{"embeddable":true,"href":"https:\/\/aulune.fr\/index.php?rest_route=\/wp\/v2\/users\/1"}],"replies":[{"embeddable":true,"href":"https:\/\/aulune.fr\/index.php?rest_route=%2Fwp%2Fv2%2Fcomments&post=10"}],"version-history":[{"count":13,"href":"https:\/\/aulune.fr\/index.php?rest_route=\/wp\/v2\/pages\/10\/revisions"}],"predecessor-version":[{"id":574,"href":"https:\/\/aulune.fr\/index.php?rest_route=\/wp\/v2\/pages\/10\/revisions\/574"}],"wp:attachment":[{"href":"https:\/\/aulune.fr\/index.php?rest_route=%2Fwp%2Fv2%2Fmedia&parent=10"}],"curies":[{"name":"wp","href":"https:\/\/api.w.org\/{rel}","templated":true}]}}