{"id":117,"date":"2021-06-22T18:13:44","date_gmt":"2021-06-22T16:13:44","guid":{"rendered":"http:\/\/aulune.fr\/?page_id=117"},"modified":"2021-09-06T16:00:46","modified_gmt":"2021-09-06T14:00:46","slug":"bienvenue-2","status":"publish","type":"page","link":"https:\/\/aulune.fr\/","title":{"rendered":"Bienvenue"},"content":{"rendered":"\n<p><span class=\"has-inline-color has-color-1-color\">Aulune est n\u00e9e de l\u2019Amour des choses simples, des petits plaisirs qui font les grands Bonheurs, de la recherche de ce temps perdu partag\u00e9 avec ma grand-m\u00e8re \u2013 pour qui art de vivre rimait avec simplicit\u00e9 et partage. Aujourd&rsquo;hui, je mets en \u0153uvre, \u00e0 travers la couture, ce qu&rsquo;elle m&rsquo;a enseign\u00e9, et que je dois transmettre \u00e0 mon tour : utiliser au maximum ce que j&rsquo;ai sous la main : serviettes \u00e9ponges, foulards, vieux draps, torchons, v\u00eatements&#8230;, Je recycle \u00e9galement mes propres cr\u00e9ations &#8211; notamment ce que je couds pour ma fille &#8211; comme elle grandit, je couds, d\u00e9-couds et recouds le m\u00eame tissu plusieurs fois !<\/span><\/p>\n\n\n\n<div class=\"wp-block-columns is-layout-flex wp-container-core-columns-is-layout-9d6595d7 wp-block-columns-is-layout-flex\">\n<div class=\"wp-block-column is-layout-flow wp-block-column-is-layout-flow\" style=\"flex-basis:100%\">\n<figure class=\"wp-block-gallery columns-3 is-cropped wp-block-gallery-1 is-layout-flex wp-block-gallery-is-layout-flex\"><ul class=\"blocks-gallery-grid\"><li class=\"blocks-gallery-item\"><figure><img loading=\"lazy\" decoding=\"async\" width=\"1024\" height=\"1024\" src=\"http:\/\/aulune.fr\/wp-content\/uploads\/2021\/06\/87843497_1349434408578148_17705083554758656_n-1024x1024.jpg\" alt=\"\" data-id=\"152\" data-full-url=\"http:\/\/aulune.fr\/wp-content\/uploads\/2021\/06\/87843497_1349434408578148_17705083554758656_n.jpg\" data-link=\"http:\/\/aulune.fr\/?attachment_id=152\" class=\"wp-image-152\" srcset=\"https:\/\/aulune.fr\/wp-content\/uploads\/2021\/06\/87843497_1349434408578148_17705083554758656_n-1024x1024.jpg 1024w, https:\/\/aulune.fr\/wp-content\/uploads\/2021\/06\/87843497_1349434408578148_17705083554758656_n-300x300.jpg 300w, https:\/\/aulune.fr\/wp-content\/uploads\/2021\/06\/87843497_1349434408578148_17705083554758656_n-150x150.jpg 150w, https:\/\/aulune.fr\/wp-content\/uploads\/2021\/06\/87843497_1349434408578148_17705083554758656_n-768x768.jpg 768w, https:\/\/aulune.fr\/wp-content\/uploads\/2021\/06\/87843497_1349434408578148_17705083554758656_n-70x70.jpg 70w, https:\/\/aulune.fr\/wp-content\/uploads\/2021\/06\/87843497_1349434408578148_17705083554758656_n-360x360.jpg 360w, https:\/\/aulune.fr\/wp-content\/uploads\/2021\/06\/87843497_1349434408578148_17705083554758656_n-580x580.jpg 580w, https:\/\/aulune.fr\/wp-content\/uploads\/2021\/06\/87843497_1349434408578148_17705083554758656_n-860x860.jpg 860w, https:\/\/aulune.fr\/wp-content\/uploads\/2021\/06\/87843497_1349434408578148_17705083554758656_n-1160x1160.jpg 1160w, https:\/\/aulune.fr\/wp-content\/uploads\/2021\/06\/87843497_1349434408578148_17705083554758656_n.jpg 1229w\" sizes=\"auto, (max-width: 1024px) 100vw, 1024px\" \/><\/figure><\/li><li class=\"blocks-gallery-item\"><figure><img loading=\"lazy\" decoding=\"async\" width=\"1024\" height=\"1024\" src=\"http:\/\/aulune.fr\/wp-content\/uploads\/2021\/08\/20210529_155147-1024x1024.jpg\" alt=\"\" data-id=\"235\" data-full-url=\"http:\/\/aulune.fr\/wp-content\/uploads\/2021\/08\/20210529_155147-scaled.jpg\" data-link=\"http:\/\/aulune.fr\/?attachment_id=235\" class=\"wp-image-235\" srcset=\"https:\/\/aulune.fr\/wp-content\/uploads\/2021\/08\/20210529_155147-1024x1024.jpg 1024w, https:\/\/aulune.fr\/wp-content\/uploads\/2021\/08\/20210529_155147-300x300.jpg 300w, https:\/\/aulune.fr\/wp-content\/uploads\/2021\/08\/20210529_155147-150x150.jpg 150w, https:\/\/aulune.fr\/wp-content\/uploads\/2021\/08\/20210529_155147-768x768.jpg 768w, https:\/\/aulune.fr\/wp-content\/uploads\/2021\/08\/20210529_155147-1536x1536.jpg 1536w, https:\/\/aulune.fr\/wp-content\/uploads\/2021\/08\/20210529_155147-2048x2048.jpg 2048w, https:\/\/aulune.fr\/wp-content\/uploads\/2021\/08\/20210529_155147-70x70.jpg 70w, https:\/\/aulune.fr\/wp-content\/uploads\/2021\/08\/20210529_155147-360x360.jpg 360w, https:\/\/aulune.fr\/wp-content\/uploads\/2021\/08\/20210529_155147-580x580.jpg 580w, https:\/\/aulune.fr\/wp-content\/uploads\/2021\/08\/20210529_155147-860x860.jpg 860w, https:\/\/aulune.fr\/wp-content\/uploads\/2021\/08\/20210529_155147-1160x1160.jpg 1160w, https:\/\/aulune.fr\/wp-content\/uploads\/2021\/08\/20210529_155147-1320x1320.jpg 1320w\" sizes=\"auto, (max-width: 1024px) 100vw, 1024px\" \/><\/figure><\/li><li class=\"blocks-gallery-item\"><figure><img loading=\"lazy\" decoding=\"async\" width=\"1024\" height=\"1024\" src=\"http:\/\/aulune.fr\/wp-content\/uploads\/2021\/08\/20210529_160207-1024x1024.jpg\" alt=\"\" data-id=\"234\" data-full-url=\"http:\/\/aulune.fr\/wp-content\/uploads\/2021\/08\/20210529_160207-scaled.jpg\" data-link=\"http:\/\/aulune.fr\/?attachment_id=234\" class=\"wp-image-234\" srcset=\"https:\/\/aulune.fr\/wp-content\/uploads\/2021\/08\/20210529_160207-1024x1024.jpg 1024w, https:\/\/aulune.fr\/wp-content\/uploads\/2021\/08\/20210529_160207-300x300.jpg 300w, https:\/\/aulune.fr\/wp-content\/uploads\/2021\/08\/20210529_160207-150x150.jpg 150w, https:\/\/aulune.fr\/wp-content\/uploads\/2021\/08\/20210529_160207-768x768.jpg 768w, https:\/\/aulune.fr\/wp-content\/uploads\/2021\/08\/20210529_160207-1536x1536.jpg 1536w, https:\/\/aulune.fr\/wp-content\/uploads\/2021\/08\/20210529_160207-2048x2048.jpg 2048w, https:\/\/aulune.fr\/wp-content\/uploads\/2021\/08\/20210529_160207-70x70.jpg 70w, https:\/\/aulune.fr\/wp-content\/uploads\/2021\/08\/20210529_160207-360x360.jpg 360w, https:\/\/aulune.fr\/wp-content\/uploads\/2021\/08\/20210529_160207-580x580.jpg 580w, https:\/\/aulune.fr\/wp-content\/uploads\/2021\/08\/20210529_160207-860x860.jpg 860w, https:\/\/aulune.fr\/wp-content\/uploads\/2021\/08\/20210529_160207-1160x1160.jpg 1160w, https:\/\/aulune.fr\/wp-content\/uploads\/2021\/08\/20210529_160207-1320x1320.jpg 1320w\" sizes=\"auto, (max-width: 1024px) 100vw, 1024px\" \/><\/figure><\/li><\/ul><\/figure>\n<\/div>\n<\/div>\n\n\n\n<p><span class=\"has-inline-color has-color-1-color\">En 2018, les copines ont commenc\u00e9 \u00e0 me solliciter pour que nous cousions ensemble. Nos machines \u00e0 coudre ont donc investi nos cuisines, au grand d\u00e9sarroi de nos maris et un bar super sympa de Baume-Les-Dames, le Spaghetti Bar&nbsp;! C\u2019est \u00e0 ce moment-l\u00e0 que les <strong>Ap\u00e9ros Couture <\/strong>sont n\u00e9s&nbsp;!<\/span><\/p>\n\n\n\n<p><span class=\"has-inline-color has-color-1-color\">Le 28 septembre 2019, nous avons cr\u00e9\u00e9 l\u2019association \u00ab&nbsp;l\u2019Atelier d\u2019Aulune&nbsp;\u00bb car nous avions envie de partager et d\u2019\u00e9changer avec d\u2019autres, et c\u2019est ainsi que j\u2019ai ouvert les portes de l\u2019Atelier situ\u00e9 au 4 rue Faivre d\u2019Esnans \u00e0 Baume-Les-Dames. A partir de l\u00e0, les seules limites que nous avons rencontr\u00e9es \u00e9taient celles de nos imaginations, c\u2019est-\u00e0-dire&nbsp;: AUCUNE&nbsp;! Couture, tapisserie d\u2019ameublement, calligraphie, \u00ab&nbsp;bijoutage&nbsp;\u00bb, recyclage, upcycling en tout genre<\/span> &#8230;<\/p>\n\n\n\n<p><span class=\"has-inline-color has-color-1-color\">N\u2019h\u00e9sitez pas, vous aussi, \u00e0 nous rejoindre autour de projets et d\u2019ateliers portant sur la couture et les travaux manuels en privil\u00e9giant au maximum l\u2019utilisation de mat\u00e9riaux ou d\u2019objets dont on n\u2019a plus l\u2019usage afin de les revaloriser tout en favorisant les rencontres interg\u00e9n\u00e9rationnelles et le \u00ab faire ensemble \u00bb. Bonne humeur et bons moments garanti&nbsp;\ud83d\ude09<\/span><\/p>\n\n\n\n<p><span class=\"has-inline-color has-color-1-color\">A bient\u00f4t, Aulune.<\/span><\/p>\n\n\n\n<div class=\"wp-block-group\"><div class=\"wp-block-group__inner-container is-layout-flow wp-block-group-is-layout-flow\">\n<div class=\"wp-block-columns is-layout-flex wp-container-core-columns-is-layout-9d6595d7 wp-block-columns-is-layout-flex\">\n<div class=\"wp-block-column is-layout-flow wp-block-column-is-layout-flow\" style=\"flex-basis:100%\">\n<figure class=\"wp-block-gallery columns-3 is-cropped wp-block-gallery-2 is-layout-flex wp-block-gallery-is-layout-flex\"><ul class=\"blocks-gallery-grid\"><li class=\"blocks-gallery-item\"><figure><img loading=\"lazy\" decoding=\"async\" width=\"576\" height=\"1024\" src=\"http:\/\/aulune.fr\/wp-content\/uploads\/2021\/08\/20210529_162909-576x1024.jpg\" alt=\"\" data-id=\"231\" data-link=\"http:\/\/aulune.fr\/?attachment_id=231\" class=\"wp-image-231\" srcset=\"https:\/\/aulune.fr\/wp-content\/uploads\/2021\/08\/20210529_162909-576x1024.jpg 576w, https:\/\/aulune.fr\/wp-content\/uploads\/2021\/08\/20210529_162909-169x300.jpg 169w, https:\/\/aulune.fr\/wp-content\/uploads\/2021\/08\/20210529_162909-768x1365.jpg 768w, https:\/\/aulune.fr\/wp-content\/uploads\/2021\/08\/20210529_162909-864x1536.jpg 864w, https:\/\/aulune.fr\/wp-content\/uploads\/2021\/08\/20210529_162909-1152x2048.jpg 1152w, https:\/\/aulune.fr\/wp-content\/uploads\/2021\/08\/20210529_162909-580x1031.jpg 580w, https:\/\/aulune.fr\/wp-content\/uploads\/2021\/08\/20210529_162909-860x1529.jpg 860w, https:\/\/aulune.fr\/wp-content\/uploads\/2021\/08\/20210529_162909-1160x2062.jpg 1160w, https:\/\/aulune.fr\/wp-content\/uploads\/2021\/08\/20210529_162909-1320x2347.jpg 1320w, https:\/\/aulune.fr\/wp-content\/uploads\/2021\/08\/20210529_162909-scaled.jpg 1440w\" sizes=\"auto, (max-width: 576px) 100vw, 576px\" \/><\/figure><\/li><li class=\"blocks-gallery-item\"><figure><img loading=\"lazy\" decoding=\"async\" width=\"576\" height=\"1024\" src=\"http:\/\/aulune.fr\/wp-content\/uploads\/2021\/08\/20210529_162818-576x1024.jpg\" alt=\"\" data-id=\"232\" data-link=\"http:\/\/aulune.fr\/?attachment_id=232\" class=\"wp-image-232\" srcset=\"https:\/\/aulune.fr\/wp-content\/uploads\/2021\/08\/20210529_162818-576x1024.jpg 576w, https:\/\/aulune.fr\/wp-content\/uploads\/2021\/08\/20210529_162818-169x300.jpg 169w, https:\/\/aulune.fr\/wp-content\/uploads\/2021\/08\/20210529_162818-768x1365.jpg 768w, https:\/\/aulune.fr\/wp-content\/uploads\/2021\/08\/20210529_162818-864x1536.jpg 864w, https:\/\/aulune.fr\/wp-content\/uploads\/2021\/08\/20210529_162818-1152x2048.jpg 1152w, https:\/\/aulune.fr\/wp-content\/uploads\/2021\/08\/20210529_162818-580x1031.jpg 580w, https:\/\/aulune.fr\/wp-content\/uploads\/2021\/08\/20210529_162818-860x1529.jpg 860w, https:\/\/aulune.fr\/wp-content\/uploads\/2021\/08\/20210529_162818-1160x2062.jpg 1160w, https:\/\/aulune.fr\/wp-content\/uploads\/2021\/08\/20210529_162818-1320x2347.jpg 1320w, https:\/\/aulune.fr\/wp-content\/uploads\/2021\/08\/20210529_162818-scaled.jpg 1440w\" sizes=\"auto, (max-width: 576px) 100vw, 576px\" \/><\/figure><\/li><li class=\"blocks-gallery-item\"><figure><img loading=\"lazy\" decoding=\"async\" width=\"576\" height=\"1024\" src=\"http:\/\/aulune.fr\/wp-content\/uploads\/2021\/08\/20210529_162037-576x1024.jpg\" alt=\"\" data-id=\"233\" data-link=\"http:\/\/aulune.fr\/?attachment_id=233\" class=\"wp-image-233\" srcset=\"https:\/\/aulune.fr\/wp-content\/uploads\/2021\/08\/20210529_162037-576x1024.jpg 576w, https:\/\/aulune.fr\/wp-content\/uploads\/2021\/08\/20210529_162037-169x300.jpg 169w, https:\/\/aulune.fr\/wp-content\/uploads\/2021\/08\/20210529_162037-768x1365.jpg 768w, https:\/\/aulune.fr\/wp-content\/uploads\/2021\/08\/20210529_162037-864x1536.jpg 864w, https:\/\/aulune.fr\/wp-content\/uploads\/2021\/08\/20210529_162037-1152x2048.jpg 1152w, https:\/\/aulune.fr\/wp-content\/uploads\/2021\/08\/20210529_162037-580x1031.jpg 580w, https:\/\/aulune.fr\/wp-content\/uploads\/2021\/08\/20210529_162037-860x1529.jpg 860w, https:\/\/aulune.fr\/wp-content\/uploads\/2021\/08\/20210529_162037-1160x2062.jpg 1160w, https:\/\/aulune.fr\/wp-content\/uploads\/2021\/08\/20210529_162037-1320x2347.jpg 1320w, https:\/\/aulune.fr\/wp-content\/uploads\/2021\/08\/20210529_162037-scaled.jpg 1440w\" sizes=\"auto, (max-width: 576px) 100vw, 576px\" \/><\/figure><\/li><li class=\"blocks-gallery-item\"><figure><img loading=\"lazy\" decoding=\"async\" width=\"576\" height=\"1024\" src=\"http:\/\/aulune.fr\/wp-content\/uploads\/2021\/08\/20210529_161815-576x1024.jpg\" alt=\"\" data-id=\"241\" data-link=\"http:\/\/aulune.fr\/?attachment_id=241\" class=\"wp-image-241\" srcset=\"https:\/\/aulune.fr\/wp-content\/uploads\/2021\/08\/20210529_161815-576x1024.jpg 576w, https:\/\/aulune.fr\/wp-content\/uploads\/2021\/08\/20210529_161815-169x300.jpg 169w, https:\/\/aulune.fr\/wp-content\/uploads\/2021\/08\/20210529_161815-768x1365.jpg 768w, https:\/\/aulune.fr\/wp-content\/uploads\/2021\/08\/20210529_161815-864x1536.jpg 864w, https:\/\/aulune.fr\/wp-content\/uploads\/2021\/08\/20210529_161815-1152x2048.jpg 1152w, https:\/\/aulune.fr\/wp-content\/uploads\/2021\/08\/20210529_161815-580x1031.jpg 580w, https:\/\/aulune.fr\/wp-content\/uploads\/2021\/08\/20210529_161815-860x1529.jpg 860w, https:\/\/aulune.fr\/wp-content\/uploads\/2021\/08\/20210529_161815-1160x2062.jpg 1160w, https:\/\/aulune.fr\/wp-content\/uploads\/2021\/08\/20210529_161815-1320x2347.jpg 1320w, https:\/\/aulune.fr\/wp-content\/uploads\/2021\/08\/20210529_161815-scaled.jpg 1440w\" sizes=\"auto, (max-width: 576px) 100vw, 576px\" \/><\/figure><\/li><li class=\"blocks-gallery-item\"><figure><img loading=\"lazy\" decoding=\"async\" width=\"576\" height=\"1024\" src=\"http:\/\/aulune.fr\/wp-content\/uploads\/2021\/08\/20210529_155441-576x1024.jpg\" alt=\"\" data-id=\"243\" data-link=\"http:\/\/aulune.fr\/?attachment_id=243\" class=\"wp-image-243\"\/><\/figure><\/li><li class=\"blocks-gallery-item\"><figure><img loading=\"lazy\" decoding=\"async\" width=\"576\" height=\"1024\" src=\"http:\/\/aulune.fr\/wp-content\/uploads\/2021\/08\/20210529_162347-576x1024.jpg\" alt=\"\" data-id=\"244\" data-full-url=\"http:\/\/aulune.fr\/wp-content\/uploads\/2021\/08\/20210529_162347-scaled.jpg\" data-link=\"http:\/\/aulune.fr\/?attachment_id=244\" class=\"wp-image-244\" srcset=\"https:\/\/aulune.fr\/wp-content\/uploads\/2021\/08\/20210529_162347-576x1024.jpg 576w, https:\/\/aulune.fr\/wp-content\/uploads\/2021\/08\/20210529_162347-169x300.jpg 169w, https:\/\/aulune.fr\/wp-content\/uploads\/2021\/08\/20210529_162347-768x1365.jpg 768w, https:\/\/aulune.fr\/wp-content\/uploads\/2021\/08\/20210529_162347-864x1536.jpg 864w, https:\/\/aulune.fr\/wp-content\/uploads\/2021\/08\/20210529_162347-1152x2048.jpg 1152w, https:\/\/aulune.fr\/wp-content\/uploads\/2021\/08\/20210529_162347-580x1031.jpg 580w, https:\/\/aulune.fr\/wp-content\/uploads\/2021\/08\/20210529_162347-860x1529.jpg 860w, https:\/\/aulune.fr\/wp-content\/uploads\/2021\/08\/20210529_162347-1160x2062.jpg 1160w, https:\/\/aulune.fr\/wp-content\/uploads\/2021\/08\/20210529_162347-1320x2347.jpg 1320w, https:\/\/aulune.fr\/wp-content\/uploads\/2021\/08\/20210529_162347-scaled.jpg 1440w\" sizes=\"auto, (max-width: 576px) 100vw, 576px\" \/><\/figure><\/li><\/ul><\/figure>\n<\/div>\n<\/div>\n<\/div><\/div>\n\n\n\n<p><\/p>\n","protected":false},"excerpt":{"rendered":"<p>Aulune est n\u00e9e de l\u2019Amour des choses simples, des petits plaisirs qui font les grands Bonheurs, de la recherche de ce temps perdu partag\u00e9 avec ma grand-m\u00e8re \u2013 pour qui art de vivre rimait avec simplicit\u00e9 et partage. Aujourd&rsquo;hui, je mets en \u0153uvre, \u00e0 travers la couture, ce qu&rsquo;elle m&rsquo;a enseign\u00e9, et que je dois&#8230;<\/p>\n","protected":false},"author":1,"featured_media":243,"parent":0,"menu_order":0,"comment_status":"closed","ping_status":"closed","template":"","meta":{"footnotes":""},"class_list":["post-117","page","type-page","status-publish","has-post-thumbnail","hentry"],"_links":{"self":[{"href":"https:\/\/aulune.fr\/index.php?rest_route=\/wp\/v2\/pages\/117","targetHints":{"allow":["GET"]}}],"collection":[{"href":"https:\/\/aulune.fr\/index.php?rest_route=\/wp\/v2\/pages"}],"about":[{"href":"https:\/\/aulune.fr\/index.php?rest_route=\/wp\/v2\/types\/page"}],"author":[{"embeddable":true,"href":"https:\/\/aulune.fr\/index.php?rest_route=\/wp\/v2\/users\/1"}],"replies":[{"embeddable":true,"href":"https:\/\/aulune.fr\/index.php?rest_route=%2Fwp%2Fv2%2Fcomments&post=117"}],"version-history":[{"count":15,"href":"https:\/\/aulune.fr\/index.php?rest_route=\/wp\/v2\/pages\/117\/revisions"}],"predecessor-version":[{"id":326,"href":"https:\/\/aulune.fr\/index.php?rest_route=\/wp\/v2\/pages\/117\/revisions\/326"}],"wp:featuredmedia":[{"embeddable":true,"href":"https:\/\/aulune.fr\/index.php?rest_route=\/wp\/v2\/media\/243"}],"wp:attachment":[{"href":"https:\/\/aulune.fr\/index.php?rest_route=%2Fwp%2Fv2%2Fmedia&parent=117"}],"curies":[{"name":"wp","href":"https:\/\/api.w.org\/{rel}","templated":true}]}}