{"id":62,"date":"2021-06-18T12:26:04","date_gmt":"2021-06-18T10:26:04","guid":{"rendered":"http:\/\/aulune.fr\/?page_id=62"},"modified":"2023-10-10T10:13:17","modified_gmt":"2023-10-10T08:13:17","slug":"la-vitrine","status":"publish","type":"page","link":"https:\/\/aulune.fr\/?page_id=62","title":{"rendered":"La Boutique associative"},"content":{"rendered":"\n<p><\/p>\n\n\n\n<p><span class=\"has-inline-color has-color-1-color\">Depuis le confinement et l\u2019arr\u00eat total de nos activit\u00e9s, nous avons mis en place une Boutique cr\u00e9ative afin de soutenir notre tr\u00e9sorerie et de promouvoir nos travaux mais aussi des artisans locaux dans le respect de notre \u00e9thique&nbsp;: 100% naturel, 100% local, 100% fait main, 100% r\u00e9cup et \u00e0 des tarifs respectant nos portes-monnaies&nbsp;\ud83d\ude0a<\/span><\/p>\n\n\n\n<p><span class=\"has-inline-color has-color-1-color\">Nous vous proposons un tas d\u2019id\u00e9es cadeaux&nbsp;:<\/span><\/p>\n\n\n\n<ul class=\"wp-block-list\"><li><span class=\"has-inline-color has-color-1-color\">D\u00e9corations,  Bijoux, Accessoires et Bougies<\/span><\/li><\/ul>\n\n\n\n<ul class=\"wp-block-list\"><li><span class=\"has-inline-color has-color-1-color\">Mais<\/span> <span class=\"has-inline-color has-color-1-color\">aussi<\/span> <span class=\"has-inline-color has-color-1-color\">Savons  et Articles de r\u00e9cup en mode brocante\u2026<\/span><\/li><\/ul>\n\n\n\n<div class=\"wp-block-columns is-layout-flex wp-container-core-columns-is-layout-9d6595d7 wp-block-columns-is-layout-flex\">\n<div class=\"wp-block-column is-layout-flow wp-block-column-is-layout-flow\" style=\"flex-basis:100%\">\n<figure class=\"wp-block-gallery columns-2 is-cropped wp-block-gallery-1 is-layout-flex wp-block-gallery-is-layout-flex\"><ul class=\"blocks-gallery-grid\"><li class=\"blocks-gallery-item\"><figure><img loading=\"lazy\" decoding=\"async\" width=\"1024\" height=\"1024\" src=\"http:\/\/aulune.fr\/wp-content\/uploads\/2021\/09\/20210529_154229-1024x1024.jpg\" alt=\"\" data-id=\"352\" data-full-url=\"http:\/\/aulune.fr\/wp-content\/uploads\/2021\/09\/20210529_154229-scaled.jpg\" data-link=\"http:\/\/aulune.fr\/?attachment_id=352\" class=\"wp-image-352\" srcset=\"https:\/\/aulune.fr\/wp-content\/uploads\/2021\/09\/20210529_154229-1024x1024.jpg 1024w, https:\/\/aulune.fr\/wp-content\/uploads\/2021\/09\/20210529_154229-300x300.jpg 300w, https:\/\/aulune.fr\/wp-content\/uploads\/2021\/09\/20210529_154229-150x150.jpg 150w, https:\/\/aulune.fr\/wp-content\/uploads\/2021\/09\/20210529_154229-768x768.jpg 768w, https:\/\/aulune.fr\/wp-content\/uploads\/2021\/09\/20210529_154229-1536x1536.jpg 1536w, https:\/\/aulune.fr\/wp-content\/uploads\/2021\/09\/20210529_154229-2048x2048.jpg 2048w, https:\/\/aulune.fr\/wp-content\/uploads\/2021\/09\/20210529_154229-70x70.jpg 70w, https:\/\/aulune.fr\/wp-content\/uploads\/2021\/09\/20210529_154229-360x360.jpg 360w, https:\/\/aulune.fr\/wp-content\/uploads\/2021\/09\/20210529_154229-580x580.jpg 580w, https:\/\/aulune.fr\/wp-content\/uploads\/2021\/09\/20210529_154229-860x860.jpg 860w, https:\/\/aulune.fr\/wp-content\/uploads\/2021\/09\/20210529_154229-1160x1160.jpg 1160w, https:\/\/aulune.fr\/wp-content\/uploads\/2021\/09\/20210529_154229-1320x1320.jpg 1320w\" sizes=\"auto, (max-width: 1024px) 100vw, 1024px\" \/><\/figure><\/li><li class=\"blocks-gallery-item\"><figure><img loading=\"lazy\" decoding=\"async\" width=\"1024\" height=\"1024\" src=\"http:\/\/aulune.fr\/wp-content\/uploads\/2021\/09\/20210529_153641-1024x1024.jpg\" alt=\"\" data-id=\"354\" data-full-url=\"http:\/\/aulune.fr\/wp-content\/uploads\/2021\/09\/20210529_153641-scaled.jpg\" data-link=\"http:\/\/aulune.fr\/?attachment_id=354\" class=\"wp-image-354\" srcset=\"https:\/\/aulune.fr\/wp-content\/uploads\/2021\/09\/20210529_153641-1024x1024.jpg 1024w, https:\/\/aulune.fr\/wp-content\/uploads\/2021\/09\/20210529_153641-300x300.jpg 300w, https:\/\/aulune.fr\/wp-content\/uploads\/2021\/09\/20210529_153641-150x150.jpg 150w, https:\/\/aulune.fr\/wp-content\/uploads\/2021\/09\/20210529_153641-768x768.jpg 768w, https:\/\/aulune.fr\/wp-content\/uploads\/2021\/09\/20210529_153641-1536x1536.jpg 1536w, https:\/\/aulune.fr\/wp-content\/uploads\/2021\/09\/20210529_153641-2048x2048.jpg 2048w, https:\/\/aulune.fr\/wp-content\/uploads\/2021\/09\/20210529_153641-70x70.jpg 70w, https:\/\/aulune.fr\/wp-content\/uploads\/2021\/09\/20210529_153641-360x360.jpg 360w, https:\/\/aulune.fr\/wp-content\/uploads\/2021\/09\/20210529_153641-580x580.jpg 580w, https:\/\/aulune.fr\/wp-content\/uploads\/2021\/09\/20210529_153641-860x860.jpg 860w, https:\/\/aulune.fr\/wp-content\/uploads\/2021\/09\/20210529_153641-1160x1160.jpg 1160w, https:\/\/aulune.fr\/wp-content\/uploads\/2021\/09\/20210529_153641-1320x1320.jpg 1320w\" sizes=\"auto, (max-width: 1024px) 100vw, 1024px\" \/><\/figure><\/li><\/ul><figcaption class=\"blocks-gallery-caption\">Bougies v\u00e9g\u00e9tales 100% naturelle &#8211; sans pesticide, sans OGN &#8211;  et couronne de porte en mode 100% r\u00e9cup<\/figcaption><\/figure>\n\n\n\n<p><\/p>\n<\/div>\n<\/div>\n\n\n\n<p><span class=\"has-inline-color has-color-1-color\">\u2192 <strong>Nous r\u00e9alisons \u00e9galement \u00e0 la demande des articles personnalis\u00e9s et proposons des prestations de flocage, n\u2019h\u00e9sitez pas \u00e0 nous contacter.<\/strong> <\/span><span class=\"has-inline-color has-color-3-color\"><strong>Consulter le catalogue ci-dessous : <\/strong><\/span><\/p>\n\n\n\n<div data-wp-interactive=\"core\/file\" class=\"wp-block-file aligncenter\"><object data-wp-bind--hidden=\"!state.hasPdfPreview\" hidden class=\"wp-block-file__embed\" data=\"http:\/\/aulune.fr\/wp-content\/uploads\/2021\/09\/Catalogue-Aulune-produits-personnalises.pdf\" type=\"application\/pdf\" style=\"width:100%;height:600px\" aria-label=\"Contenu embarqu\u00e9 Embed of Catalogue : produits personnalis\u00e9s Aulune ..\"><\/object><a href=\"http:\/\/aulune.fr\/wp-content\/uploads\/2021\/09\/Catalogue-Aulune-produits-personnalises.pdf\">Catalogue : produits personnalis\u00e9s Aulune <\/a><a href=\"http:\/\/aulune.fr\/wp-content\/uploads\/2021\/09\/Catalogue-Aulune-produits-personnalises.pdf\" class=\"wp-block-file__button\" download>T\u00e9l\u00e9charger<\/a><\/div>\n\n\n\n<p><span class=\"has-inline-color has-color-3-color\"><strong>\u25ba<\/strong> <strong>Les cr\u00e9ateurs locaux dont vous retrouverez les articles \u00e0 la Boutique<\/strong><\/span><\/p>\n\n\n\n<p><span class=\"has-inline-color has-color-1-color\">Savons La Nature&nbsp;: comment ne pas craquer pour ces savons 100% naturels et 100% trop beaux&nbsp;???? Il y en a pour tous les types de peaux et tous vos besoins. D\u00e9couvrez \u00e9galement la gammes de dentifrices, de shampoing et de d\u00e9odorants.<\/span><\/p>\n\n\n\n<figure class=\"wp-block-image size-large\"><img loading=\"lazy\" decoding=\"async\" width=\"1024\" height=\"1024\" src=\"http:\/\/aulune.fr\/wp-content\/uploads\/2021\/09\/IQTL8139-1024x1024.jpg\" alt=\"\" class=\"wp-image-359\" srcset=\"https:\/\/aulune.fr\/wp-content\/uploads\/2021\/09\/IQTL8139-1024x1024.jpg 1024w, https:\/\/aulune.fr\/wp-content\/uploads\/2021\/09\/IQTL8139-300x300.jpg 300w, https:\/\/aulune.fr\/wp-content\/uploads\/2021\/09\/IQTL8139-150x150.jpg 150w, https:\/\/aulune.fr\/wp-content\/uploads\/2021\/09\/IQTL8139-768x768.jpg 768w, https:\/\/aulune.fr\/wp-content\/uploads\/2021\/09\/IQTL8139-70x70.jpg 70w, https:\/\/aulune.fr\/wp-content\/uploads\/2021\/09\/IQTL8139-360x360.jpg 360w, https:\/\/aulune.fr\/wp-content\/uploads\/2021\/09\/IQTL8139-580x580.jpg 580w, https:\/\/aulune.fr\/wp-content\/uploads\/2021\/09\/IQTL8139-860x860.jpg 860w, https:\/\/aulune.fr\/wp-content\/uploads\/2021\/09\/IQTL8139-1160x1160.jpg 1160w, https:\/\/aulune.fr\/wp-content\/uploads\/2021\/09\/IQTL8139-1320x1320.jpg 1320w, https:\/\/aulune.fr\/wp-content\/uploads\/2021\/09\/IQTL8139.jpg 1440w\" sizes=\"auto, (max-width: 1024px) 100vw, 1024px\" \/><\/figure>\n\n\n\n<p><span class=\"has-inline-color has-color-3-color\"><strong>\u25ba<\/strong> <strong>Des bons cadeaux pour faire plaisir \u00e0 ses proches<\/strong><\/span><\/p>\n\n\n\n<p><span class=\"has-inline-color has-color-1-color\">Id\u00e9e Cadeau&nbsp;: offrez ou offrez-vous un Bon cadeau pour un Atelier couture<\/span><\/p>\n\n\n\n<p><span class=\"has-inline-color has-color-1-color\">100% personnalis\u00e9 et privatis\u00e9<\/span><\/p>\n\n\n\n<p><span class=\"has-inline-color has-color-1-color\">Id\u00e9al pour se lancer en couture<\/span><\/p>\n\n\n\n<p><span class=\"has-inline-color has-color-1-color\">Voir plus d\u2019infos dans la rubrique  \u00ab\u00a0les ateliers Couture \u00e0 la carte\u00a0\u00bb dans la page  <\/span><a href=\"http:\/\/aulune.fr\/?page_id=8\" data-type=\"page\" data-id=\"8\">L\u2019Atelier<\/a><span class=\"has-inline-color has-color-1-color\">.<\/span><\/p>\n\n\n\n<figure class=\"wp-block-image size-large\"><img loading=\"lazy\" decoding=\"async\" width=\"1024\" height=\"768\" src=\"http:\/\/aulune.fr\/wp-content\/uploads\/2021\/09\/IMG_0808-1024x768.jpg\" alt=\"\" class=\"wp-image-362\" srcset=\"https:\/\/aulune.fr\/wp-content\/uploads\/2021\/09\/IMG_0808-1024x768.jpg 1024w, https:\/\/aulune.fr\/wp-content\/uploads\/2021\/09\/IMG_0808-300x225.jpg 300w, https:\/\/aulune.fr\/wp-content\/uploads\/2021\/09\/IMG_0808-768x576.jpg 768w, https:\/\/aulune.fr\/wp-content\/uploads\/2021\/09\/IMG_0808-1536x1152.jpg 1536w, https:\/\/aulune.fr\/wp-content\/uploads\/2021\/09\/IMG_0808-2048x1536.jpg 2048w, https:\/\/aulune.fr\/wp-content\/uploads\/2021\/09\/IMG_0808-580x435.jpg 580w, https:\/\/aulune.fr\/wp-content\/uploads\/2021\/09\/IMG_0808-860x645.jpg 860w, https:\/\/aulune.fr\/wp-content\/uploads\/2021\/09\/IMG_0808-1160x870.jpg 1160w, https:\/\/aulune.fr\/wp-content\/uploads\/2021\/09\/IMG_0808-1320x990.jpg 1320w\" sizes=\"auto, (max-width: 1024px) 100vw, 1024px\" \/><\/figure>\n\n\n\n<p><\/p>\n\n\n\n<p><span class=\"has-inline-color has-color-3-color\"><strong>\u25ba<\/strong> <strong>Atelier initiation \u00e0 la calligraphie <\/strong><\/span><\/p>\n\n\n\n<p><span class=\"has-inline-color has-color-1-color\">Au cours de cet atelier, vous vous familiariserez avec les bases de la Calligraphie.\u00a0 L&rsquo;Atelier est \u00e9galement privatis\u00e9. Nous vous pr\u00eaterons notre mat\u00e9riel de calligraphie : plumes, brush pens, stylos de calligraphie&#8230; La s\u00e9ance dure \u00e9galement 2 heures. L&rsquo;Atelier est privatis\u00e9. Le co\u00fbt est de 25\u20ac.<\/span><\/p>\n\n\n\n<figure class=\"wp-block-gallery columns-2 is-cropped wp-block-gallery-2 is-layout-flex wp-block-gallery-is-layout-flex\"><ul class=\"blocks-gallery-grid\"><li class=\"blocks-gallery-item\"><figure><img loading=\"lazy\" decoding=\"async\" width=\"768\" height=\"1024\" src=\"http:\/\/aulune.fr\/wp-content\/uploads\/2021\/09\/IMG_3315-768x1024.jpg\" alt=\"\" data-id=\"364\" class=\"wp-image-364\" srcset=\"https:\/\/aulune.fr\/wp-content\/uploads\/2021\/09\/IMG_3315-768x1024.jpg 768w, https:\/\/aulune.fr\/wp-content\/uploads\/2021\/09\/IMG_3315-225x300.jpg 225w, https:\/\/aulune.fr\/wp-content\/uploads\/2021\/09\/IMG_3315-1152x1536.jpg 1152w, https:\/\/aulune.fr\/wp-content\/uploads\/2021\/09\/IMG_3315-1536x2048.jpg 1536w, https:\/\/aulune.fr\/wp-content\/uploads\/2021\/09\/IMG_3315-580x773.jpg 580w, https:\/\/aulune.fr\/wp-content\/uploads\/2021\/09\/IMG_3315-860x1147.jpg 860w, https:\/\/aulune.fr\/wp-content\/uploads\/2021\/09\/IMG_3315-1160x1547.jpg 1160w, https:\/\/aulune.fr\/wp-content\/uploads\/2021\/09\/IMG_3315-1320x1760.jpg 1320w, https:\/\/aulune.fr\/wp-content\/uploads\/2021\/09\/IMG_3315-scaled.jpg 1920w\" sizes=\"auto, (max-width: 768px) 100vw, 768px\" \/><\/figure><\/li><li class=\"blocks-gallery-item\"><figure><img loading=\"lazy\" decoding=\"async\" width=\"768\" height=\"1024\" src=\"http:\/\/aulune.fr\/wp-content\/uploads\/2021\/09\/IMG_3317-768x1024.jpg\" alt=\"\" data-id=\"366\" data-full-url=\"http:\/\/aulune.fr\/wp-content\/uploads\/2021\/09\/IMG_3317-scaled.jpg\" data-link=\"http:\/\/aulune.fr\/?attachment_id=366\" class=\"wp-image-366\" srcset=\"https:\/\/aulune.fr\/wp-content\/uploads\/2021\/09\/IMG_3317-768x1024.jpg 768w, https:\/\/aulune.fr\/wp-content\/uploads\/2021\/09\/IMG_3317-225x300.jpg 225w, https:\/\/aulune.fr\/wp-content\/uploads\/2021\/09\/IMG_3317-1152x1536.jpg 1152w, https:\/\/aulune.fr\/wp-content\/uploads\/2021\/09\/IMG_3317-1536x2048.jpg 1536w, https:\/\/aulune.fr\/wp-content\/uploads\/2021\/09\/IMG_3317-580x773.jpg 580w, https:\/\/aulune.fr\/wp-content\/uploads\/2021\/09\/IMG_3317-860x1147.jpg 860w, https:\/\/aulune.fr\/wp-content\/uploads\/2021\/09\/IMG_3317-1160x1547.jpg 1160w, https:\/\/aulune.fr\/wp-content\/uploads\/2021\/09\/IMG_3317-1320x1760.jpg 1320w, https:\/\/aulune.fr\/wp-content\/uploads\/2021\/09\/IMG_3317-scaled.jpg 1920w\" sizes=\"auto, (max-width: 768px) 100vw, 768px\" \/><\/figure><\/li><\/ul><\/figure>\n\n\n\n<p><span class=\"has-inline-color has-color-3-color\"><strong>\u25ba<\/strong> <strong>Des ateliers priv\u00e9s pour des groupes constitu\u00e9s<\/strong><\/span><span class=\"has-inline-color has-color-1-color\"><strong> (groupe de copines, groupe famille, groupe de cousines\u2026)\/des afterworks\/ des ateliers en entreprise<\/strong><\/span><\/p>\n\n\n\n<p><span class=\"has-inline-color has-color-3-color\"><strong>\u25ba<\/strong> <strong>Des ateliers \u00e0 th\u00e8me pour vos \u00e9v\u00e9nements familiaux <\/strong><\/span><span class=\"has-inline-color has-color-1-color\"><strong>(anniversaires, EVJF, EVJG, d\u00e9part en retraite\u2026)<\/strong><\/span><\/p>\n\n\n\n<p><span class=\"has-inline-color has-color-3-color\"><strong>\u25ba<\/strong> <strong>L\u2019organisation de bar \u00e0 cadeaux lors de vos \u00e9v\u00e9nements <\/strong><\/span><span class=\"has-inline-color has-color-1-color\"><strong>(professionnels\/particuliers)<\/strong><\/span><\/p>\n\n\n\n<figure class=\"wp-block-image size-large\"><img loading=\"lazy\" decoding=\"async\" width=\"1024\" height=\"768\" src=\"http:\/\/aulune.fr\/wp-content\/uploads\/2021\/09\/IMG_0366-1024x768.jpg\" alt=\"\" class=\"wp-image-389\" srcset=\"https:\/\/aulune.fr\/wp-content\/uploads\/2021\/09\/IMG_0366-1024x768.jpg 1024w, https:\/\/aulune.fr\/wp-content\/uploads\/2021\/09\/IMG_0366-300x225.jpg 300w, https:\/\/aulune.fr\/wp-content\/uploads\/2021\/09\/IMG_0366-768x576.jpg 768w, https:\/\/aulune.fr\/wp-content\/uploads\/2021\/09\/IMG_0366-1536x1152.jpg 1536w, https:\/\/aulune.fr\/wp-content\/uploads\/2021\/09\/IMG_0366-2048x1536.jpg 2048w, https:\/\/aulune.fr\/wp-content\/uploads\/2021\/09\/IMG_0366-580x435.jpg 580w, https:\/\/aulune.fr\/wp-content\/uploads\/2021\/09\/IMG_0366-860x645.jpg 860w, https:\/\/aulune.fr\/wp-content\/uploads\/2021\/09\/IMG_0366-1160x870.jpg 1160w, https:\/\/aulune.fr\/wp-content\/uploads\/2021\/09\/IMG_0366-1320x990.jpg 1320w\" sizes=\"auto, (max-width: 1024px) 100vw, 1024px\" \/><figcaption>Bar \u00e0 cadeaux (bracelets foulards) organis\u00e9 lors d&rsquo;un mariage<\/figcaption><\/figure>\n\n\n\n<p><strong><span class=\"has-inline-color has-color-3-color\">\u25ba<\/span><\/strong><span class=\"has-inline-color has-color-1-color\"> <\/span><strong><span class=\"has-inline-color has-color-3-color\">Prestation de d\u00e9coration de vitrines pour les commer\u00e7ants<\/span><\/strong><\/p>\n\n\n\n<figure class=\"wp-block-image size-large\"><img loading=\"lazy\" decoding=\"async\" width=\"1024\" height=\"768\" src=\"http:\/\/aulune.fr\/wp-content\/uploads\/2021\/09\/IMG_0633-1024x768.jpg\" alt=\"\" class=\"wp-image-396\" srcset=\"https:\/\/aulune.fr\/wp-content\/uploads\/2021\/09\/IMG_0633-1024x768.jpg 1024w, https:\/\/aulune.fr\/wp-content\/uploads\/2021\/09\/IMG_0633-300x225.jpg 300w, https:\/\/aulune.fr\/wp-content\/uploads\/2021\/09\/IMG_0633-768x576.jpg 768w, https:\/\/aulune.fr\/wp-content\/uploads\/2021\/09\/IMG_0633-1536x1152.jpg 1536w, https:\/\/aulune.fr\/wp-content\/uploads\/2021\/09\/IMG_0633-2048x1536.jpg 2048w, https:\/\/aulune.fr\/wp-content\/uploads\/2021\/09\/IMG_0633-580x435.jpg 580w, https:\/\/aulune.fr\/wp-content\/uploads\/2021\/09\/IMG_0633-860x645.jpg 860w, https:\/\/aulune.fr\/wp-content\/uploads\/2021\/09\/IMG_0633-1160x870.jpg 1160w, https:\/\/aulune.fr\/wp-content\/uploads\/2021\/09\/IMG_0633-1320x990.jpg 1320w\" sizes=\"auto, (max-width: 1024px) 100vw, 1024px\" \/><figcaption><span class=\"has-inline-color has-color-1-color\">Vitrine de No\u00ebl Le Fournil Sa\u00f4nois &#8211; \u00e0 Sa\u00f4ne<\/span><\/figcaption><\/figure>\n\n\n\n<figure class=\"wp-block-gallery columns-3 is-cropped wp-block-gallery-3 is-layout-flex wp-block-gallery-is-layout-flex\"><ul class=\"blocks-gallery-grid\"><li class=\"blocks-gallery-item\"><figure><img loading=\"lazy\" decoding=\"async\" width=\"768\" height=\"1024\" src=\"http:\/\/aulune.fr\/wp-content\/uploads\/2021\/09\/IMG_3942-768x1024.jpg\" alt=\"\" data-id=\"408\" data-full-url=\"http:\/\/aulune.fr\/wp-content\/uploads\/2021\/09\/IMG_3942-scaled.jpg\" data-link=\"http:\/\/aulune.fr\/?attachment_id=408\" class=\"wp-image-408\" srcset=\"https:\/\/aulune.fr\/wp-content\/uploads\/2021\/09\/IMG_3942-768x1024.jpg 768w, https:\/\/aulune.fr\/wp-content\/uploads\/2021\/09\/IMG_3942-225x300.jpg 225w, https:\/\/aulune.fr\/wp-content\/uploads\/2021\/09\/IMG_3942-1152x1536.jpg 1152w, https:\/\/aulune.fr\/wp-content\/uploads\/2021\/09\/IMG_3942-1536x2048.jpg 1536w, https:\/\/aulune.fr\/wp-content\/uploads\/2021\/09\/IMG_3942-580x773.jpg 580w, https:\/\/aulune.fr\/wp-content\/uploads\/2021\/09\/IMG_3942-860x1147.jpg 860w, https:\/\/aulune.fr\/wp-content\/uploads\/2021\/09\/IMG_3942-1160x1547.jpg 1160w, https:\/\/aulune.fr\/wp-content\/uploads\/2021\/09\/IMG_3942-1320x1760.jpg 1320w, https:\/\/aulune.fr\/wp-content\/uploads\/2021\/09\/IMG_3942-scaled.jpg 1920w\" sizes=\"auto, (max-width: 768px) 100vw, 768px\" \/><\/figure><\/li><li class=\"blocks-gallery-item\"><figure><img loading=\"lazy\" decoding=\"async\" width=\"1024\" height=\"1024\" src=\"http:\/\/aulune.fr\/wp-content\/uploads\/2021\/08\/20210529_154358-1024x1024.jpg\" alt=\"\" data-id=\"264\" data-full-url=\"http:\/\/aulune.fr\/wp-content\/uploads\/2021\/08\/20210529_154358.jpg\" data-link=\"http:\/\/aulune.fr\/?attachment_id=264\" class=\"wp-image-264\" srcset=\"https:\/\/aulune.fr\/wp-content\/uploads\/2021\/08\/20210529_154358-1024x1024.jpg 1024w, https:\/\/aulune.fr\/wp-content\/uploads\/2021\/08\/20210529_154358-300x300.jpg 300w, https:\/\/aulune.fr\/wp-content\/uploads\/2021\/08\/20210529_154358-150x150.jpg 150w, https:\/\/aulune.fr\/wp-content\/uploads\/2021\/08\/20210529_154358-768x768.jpg 768w, https:\/\/aulune.fr\/wp-content\/uploads\/2021\/08\/20210529_154358-1536x1536.jpg 1536w, https:\/\/aulune.fr\/wp-content\/uploads\/2021\/08\/20210529_154358-2048x2048.jpg 2048w, https:\/\/aulune.fr\/wp-content\/uploads\/2021\/08\/20210529_154358-70x70.jpg 70w, https:\/\/aulune.fr\/wp-content\/uploads\/2021\/08\/20210529_154358-360x360.jpg 360w, https:\/\/aulune.fr\/wp-content\/uploads\/2021\/08\/20210529_154358-580x580.jpg 580w, https:\/\/aulune.fr\/wp-content\/uploads\/2021\/08\/20210529_154358-860x860.jpg 860w, https:\/\/aulune.fr\/wp-content\/uploads\/2021\/08\/20210529_154358-1160x1160.jpg 1160w, https:\/\/aulune.fr\/wp-content\/uploads\/2021\/08\/20210529_154358-1320x1320.jpg 1320w\" sizes=\"auto, (max-width: 1024px) 100vw, 1024px\" \/><\/figure><\/li><li class=\"blocks-gallery-item\"><figure><img loading=\"lazy\" decoding=\"async\" width=\"1024\" height=\"1024\" src=\"http:\/\/aulune.fr\/wp-content\/uploads\/2021\/08\/20210529_154309-1024x1024.jpg\" alt=\"\" data-id=\"263\" data-full-url=\"http:\/\/aulune.fr\/wp-content\/uploads\/2021\/08\/20210529_154309-scaled.jpg\" data-link=\"http:\/\/aulune.fr\/?attachment_id=263\" class=\"wp-image-263\" srcset=\"https:\/\/aulune.fr\/wp-content\/uploads\/2021\/08\/20210529_154309-1024x1024.jpg 1024w, https:\/\/aulune.fr\/wp-content\/uploads\/2021\/08\/20210529_154309-300x300.jpg 300w, https:\/\/aulune.fr\/wp-content\/uploads\/2021\/08\/20210529_154309-150x150.jpg 150w, https:\/\/aulune.fr\/wp-content\/uploads\/2021\/08\/20210529_154309-768x768.jpg 768w, https:\/\/aulune.fr\/wp-content\/uploads\/2021\/08\/20210529_154309-1536x1536.jpg 1536w, https:\/\/aulune.fr\/wp-content\/uploads\/2021\/08\/20210529_154309-2048x2048.jpg 2048w, https:\/\/aulune.fr\/wp-content\/uploads\/2021\/08\/20210529_154309-70x70.jpg 70w, https:\/\/aulune.fr\/wp-content\/uploads\/2021\/08\/20210529_154309-360x360.jpg 360w, https:\/\/aulune.fr\/wp-content\/uploads\/2021\/08\/20210529_154309-580x580.jpg 580w, https:\/\/aulune.fr\/wp-content\/uploads\/2021\/08\/20210529_154309-860x860.jpg 860w, https:\/\/aulune.fr\/wp-content\/uploads\/2021\/08\/20210529_154309-1160x1160.jpg 1160w, https:\/\/aulune.fr\/wp-content\/uploads\/2021\/08\/20210529_154309-1320x1320.jpg 1320w\" sizes=\"auto, (max-width: 1024px) 100vw, 1024px\" \/><\/figure><\/li><li class=\"blocks-gallery-item\"><figure><img loading=\"lazy\" decoding=\"async\" width=\"1024\" height=\"1024\" src=\"http:\/\/aulune.fr\/wp-content\/uploads\/2021\/08\/20210529_154238-1024x1024.jpg\" alt=\"\" data-id=\"262\" data-full-url=\"http:\/\/aulune.fr\/wp-content\/uploads\/2021\/08\/20210529_154238-scaled.jpg\" data-link=\"http:\/\/aulune.fr\/?attachment_id=262\" class=\"wp-image-262\" srcset=\"https:\/\/aulune.fr\/wp-content\/uploads\/2021\/08\/20210529_154238-1024x1024.jpg 1024w, https:\/\/aulune.fr\/wp-content\/uploads\/2021\/08\/20210529_154238-300x300.jpg 300w, https:\/\/aulune.fr\/wp-content\/uploads\/2021\/08\/20210529_154238-150x150.jpg 150w, https:\/\/aulune.fr\/wp-content\/uploads\/2021\/08\/20210529_154238-768x768.jpg 768w, https:\/\/aulune.fr\/wp-content\/uploads\/2021\/08\/20210529_154238-1536x1536.jpg 1536w, https:\/\/aulune.fr\/wp-content\/uploads\/2021\/08\/20210529_154238-2048x2048.jpg 2048w, https:\/\/aulune.fr\/wp-content\/uploads\/2021\/08\/20210529_154238-70x70.jpg 70w, https:\/\/aulune.fr\/wp-content\/uploads\/2021\/08\/20210529_154238-360x360.jpg 360w, https:\/\/aulune.fr\/wp-content\/uploads\/2021\/08\/20210529_154238-580x580.jpg 580w, https:\/\/aulune.fr\/wp-content\/uploads\/2021\/08\/20210529_154238-860x860.jpg 860w, https:\/\/aulune.fr\/wp-content\/uploads\/2021\/08\/20210529_154238-1160x1160.jpg 1160w, https:\/\/aulune.fr\/wp-content\/uploads\/2021\/08\/20210529_154238-1320x1320.jpg 1320w\" sizes=\"auto, (max-width: 1024px) 100vw, 1024px\" \/><\/figure><\/li><li class=\"blocks-gallery-item\"><figure><img loading=\"lazy\" decoding=\"async\" width=\"576\" height=\"1024\" src=\"http:\/\/aulune.fr\/wp-content\/uploads\/2021\/08\/20210529_151543-576x1024.jpg\" alt=\"\" data-id=\"260\" data-full-url=\"http:\/\/aulune.fr\/wp-content\/uploads\/2021\/08\/20210529_151543-scaled.jpg\" data-link=\"http:\/\/aulune.fr\/?attachment_id=260\" class=\"wp-image-260\" srcset=\"https:\/\/aulune.fr\/wp-content\/uploads\/2021\/08\/20210529_151543-576x1024.jpg 576w, https:\/\/aulune.fr\/wp-content\/uploads\/2021\/08\/20210529_151543-169x300.jpg 169w, https:\/\/aulune.fr\/wp-content\/uploads\/2021\/08\/20210529_151543-768x1365.jpg 768w, https:\/\/aulune.fr\/wp-content\/uploads\/2021\/08\/20210529_151543-864x1536.jpg 864w, https:\/\/aulune.fr\/wp-content\/uploads\/2021\/08\/20210529_151543-1152x2048.jpg 1152w, https:\/\/aulune.fr\/wp-content\/uploads\/2021\/08\/20210529_151543-580x1031.jpg 580w, https:\/\/aulune.fr\/wp-content\/uploads\/2021\/08\/20210529_151543-860x1529.jpg 860w, https:\/\/aulune.fr\/wp-content\/uploads\/2021\/08\/20210529_151543-1160x2062.jpg 1160w, https:\/\/aulune.fr\/wp-content\/uploads\/2021\/08\/20210529_151543-1320x2347.jpg 1320w, https:\/\/aulune.fr\/wp-content\/uploads\/2021\/08\/20210529_151543-scaled.jpg 1440w\" sizes=\"auto, (max-width: 576px) 100vw, 576px\" \/><\/figure><\/li><li class=\"blocks-gallery-item\"><figure><img loading=\"lazy\" decoding=\"async\" width=\"768\" height=\"1024\" src=\"http:\/\/aulune.fr\/wp-content\/uploads\/2021\/09\/IMG_4355-768x1024.jpg\" alt=\"\" data-id=\"412\" data-full-url=\"http:\/\/aulune.fr\/wp-content\/uploads\/2021\/09\/IMG_4355-scaled.jpg\" data-link=\"http:\/\/aulune.fr\/?attachment_id=412\" class=\"wp-image-412\" srcset=\"https:\/\/aulune.fr\/wp-content\/uploads\/2021\/09\/IMG_4355-768x1024.jpg 768w, https:\/\/aulune.fr\/wp-content\/uploads\/2021\/09\/IMG_4355-225x300.jpg 225w, https:\/\/aulune.fr\/wp-content\/uploads\/2021\/09\/IMG_4355-1152x1536.jpg 1152w, https:\/\/aulune.fr\/wp-content\/uploads\/2021\/09\/IMG_4355-1536x2048.jpg 1536w, https:\/\/aulune.fr\/wp-content\/uploads\/2021\/09\/IMG_4355-580x773.jpg 580w, https:\/\/aulune.fr\/wp-content\/uploads\/2021\/09\/IMG_4355-860x1147.jpg 860w, https:\/\/aulune.fr\/wp-content\/uploads\/2021\/09\/IMG_4355-1160x1547.jpg 1160w, https:\/\/aulune.fr\/wp-content\/uploads\/2021\/09\/IMG_4355-1320x1760.jpg 1320w, https:\/\/aulune.fr\/wp-content\/uploads\/2021\/09\/IMG_4355-scaled.jpg 1920w\" sizes=\"auto, (max-width: 768px) 100vw, 768px\" \/><\/figure><\/li><\/ul><\/figure>\n","protected":false},"excerpt":{"rendered":"<p>Depuis le confinement et l\u2019arr\u00eat total de nos activit\u00e9s, nous avons mis en place une Boutique cr\u00e9ative afin de soutenir notre tr\u00e9sorerie et de promouvoir nos travaux mais aussi des artisans locaux dans le respect de notre \u00e9thique&nbsp;: 100% naturel, 100% local, 100% fait main, 100% r\u00e9cup et \u00e0 des tarifs respectant nos portes-monnaies&nbsp;\ud83d\ude0a Nous&#8230;<\/p>\n","protected":false},"author":1,"featured_media":0,"parent":0,"menu_order":0,"comment_status":"closed","ping_status":"closed","template":"","meta":{"footnotes":""},"class_list":["post-62","page","type-page","status-publish","hentry"],"_links":{"self":[{"href":"https:\/\/aulune.fr\/index.php?rest_route=\/wp\/v2\/pages\/62","targetHints":{"allow":["GET"]}}],"collection":[{"href":"https:\/\/aulune.fr\/index.php?rest_route=\/wp\/v2\/pages"}],"about":[{"href":"https:\/\/aulune.fr\/index.php?rest_route=\/wp\/v2\/types\/page"}],"author":[{"embeddable":true,"href":"https:\/\/aulune.fr\/index.php?rest_route=\/wp\/v2\/users\/1"}],"replies":[{"embeddable":true,"href":"https:\/\/aulune.fr\/index.php?rest_route=%2Fwp%2Fv2%2Fcomments&post=62"}],"version-history":[{"count":21,"href":"https:\/\/aulune.fr\/index.php?rest_route=\/wp\/v2\/pages\/62\/revisions"}],"predecessor-version":[{"id":491,"href":"https:\/\/aulune.fr\/index.php?rest_route=\/wp\/v2\/pages\/62\/revisions\/491"}],"wp:attachment":[{"href":"https:\/\/aulune.fr\/index.php?rest_route=%2Fwp%2Fv2%2Fmedia&parent=62"}],"curies":[{"name":"wp","href":"https:\/\/api.w.org\/{rel}","templated":true}]}}