{"id":9,"date":"2021-06-14T22:39:57","date_gmt":"2021-06-14T20:39:57","guid":{"rendered":"http:\/\/aulune.fr\/?page_id=9"},"modified":"2021-09-07T10:56:43","modified_gmt":"2021-09-07T08:56:43","slug":"nos-prestations","status":"publish","type":"page","link":"https:\/\/aulune.fr\/?page_id=9","title":{"rendered":"Blog et tutos"},"content":{"rendered":"\n<p><span class=\"has-inline-color has-color-1-color\">D\u00e9couvrez bient\u00f4t ici tutoriels et actualit\u00e9s de l&rsquo;atelier Aulune !<\/span><\/p>\n\n\n\n<div class=\"wp-block-group has-color-1-color has-text-color\"><div class=\"wp-block-group__inner-container is-layout-flow wp-block-group-is-layout-flow\"><ul class=\"wp-block-latest-posts__list wp-block-latest-posts\"><\/ul><\/div><\/div>\n","protected":false},"excerpt":{"rendered":"<p>D\u00e9couvrez ic les dates desateliers, des stages et des ap\u00e9ros couture. <\/p>\n","protected":false},"author":1,"featured_media":0,"parent":0,"menu_order":3,"comment_status":"closed","ping_status":"closed","template":"","meta":{"footnotes":""},"class_list":["post-9","page","type-page","status-publish","hentry"],"_links":{"self":[{"href":"https:\/\/aulune.fr\/index.php?rest_route=\/wp\/v2\/pages\/9","targetHints":{"allow":["GET"]}}],"collection":[{"href":"https:\/\/aulune.fr\/index.php?rest_route=\/wp\/v2\/pages"}],"about":[{"href":"https:\/\/aulune.fr\/index.php?rest_route=\/wp\/v2\/types\/page"}],"author":[{"embeddable":true,"href":"https:\/\/aulune.fr\/index.php?rest_route=\/wp\/v2\/users\/1"}],"replies":[{"embeddable":true,"href":"https:\/\/aulune.fr\/index.php?rest_route=%2Fwp%2Fv2%2Fcomments&post=9"}],"version-history":[{"count":20,"href":"https:\/\/aulune.fr\/index.php?rest_route=\/wp\/v2\/pages\/9\/revisions"}],"predecessor-version":[{"id":333,"href":"https:\/\/aulune.fr\/index.php?rest_route=\/wp\/v2\/pages\/9\/revisions\/333"}],"wp:attachment":[{"href":"https:\/\/aulune.fr\/index.php?rest_route=%2Fwp%2Fv2%2Fmedia&parent=9"}],"curies":[{"name":"wp","href":"https:\/\/api.w.org\/{rel}","templated":true}]}}